{"id":65,"date":"2024-11-13T19:41:52","date_gmt":"2024-11-13T18:41:52","guid":{"rendered":"https:\/\/testy.serwisroot.pl\/?page_id=65"},"modified":"2025-09-29T12:58:36","modified_gmt":"2025-09-29T10:58:36","slug":"polityka-prywatnosci","status":"publish","type":"page","link":"https:\/\/testy.serwisroot.pl\/?page_id=65","title":{"rendered":"POLITYKA PRYWATNO\u015aCI"},"content":{"rendered":"\t\t<div data-elementor-type=\"wp-page\" data-elementor-id=\"65\" class=\"elementor elementor-65\">\n\t\t\t\t<div class=\"elementor-element elementor-element-719a0ed e-flex e-con-boxed e-con e-parent\" data-id=\"719a0ed\" data-element_type=\"container\" data-e-type=\"container\">\n\t\t\t\t\t<div class=\"e-con-inner\">\n\t\t\t\t<div class=\"elementor-element elementor-element-afcda86 elementor-widget-divider--view-line elementor-widget elementor-widget-divider\" data-id=\"afcda86\" data-element_type=\"widget\" data-e-type=\"widget\" data-widget_type=\"divider.default\">\n\t\t\t\t<div class=\"elementor-widget-container\">\n\t\t\t\t\t\t\t<div class=\"elementor-divider\">\n\t\t\t<span class=\"elementor-divider-separator\">\n\t\t\t\t\t\t<\/span>\n\t\t<\/div>\n\t\t\t\t\t\t<\/div>\n\t\t\t\t<\/div>\n\t\t\t\t\t<\/div>\n\t\t\t\t<\/div>\n\t\t<div class=\"elementor-element elementor-element-b8c0f36 e-con-full e-flex e-con e-parent\" data-id=\"b8c0f36\" data-element_type=\"container\" data-e-type=\"container\">\n\t\t\t\t<div class=\"elementor-element elementor-element-ae48bbe elementor-widget__width-auto elementor-widget elementor-widget-heading\" data-id=\"ae48bbe\" data-element_type=\"widget\" data-e-type=\"widget\" data-widget_type=\"heading.default\">\n\t\t\t\t<div class=\"elementor-widget-container\">\n\t\t\t\t\t<h2 class=\"elementor-heading-title elementor-size-default\"><br><b>POLITYKA PRYWATNO\u015aCI<\/b><br>I PLIK\u00d3W COOKIES<br><\/h2>\t\t\t\t<\/div>\n\t\t\t\t<\/div>\n\t\t\t\t<div class=\"elementor-element elementor-element-5b4a1f7 elementor-widget elementor-widget-text-editor\" data-id=\"5b4a1f7\" data-element_type=\"widget\" data-e-type=\"widget\" data-widget_type=\"text-editor.default\">\n\t\t\t\t<div class=\"elementor-widget-container\">\n\t\t\t\t\t\t\t\t\t<p><span style=\"font-style: inherit; font-weight: inherit; text-align: var(--text-align); background-color: var(--ast-global-color-4);\">Administratorem strony jest Bart\u0142omiej Stanek prowadz\u0105cy dzia\u0142alno\u015b\u0107 gospodarcz\u0105 pod firm\u0105 &#8222;Kancelaria Radcy Prawnego Bart\u0142omiej Stanek&#8221;, ul. \u017beromskiego 6, 34-300 \u017bywiec, NIP: 553 259 47 87<\/span><\/p>\n<p>W razie jakichkolwiek w\u0105tpliwo\u015bci zwi\u0105zanych z polityk\u0105 prywatno\u015bci, mog\u0105 Pa\u0144stwo si\u0119 skontaktowa\u0107 z Administratorem pod adresem e-mail: kancelaria@testy.serwisroot.pl<\/p>\n<p><strong>Najwa\u017cniejsze informacje<\/strong><\/p>\n<ol>\n<li>Kontaktuj\u0105c si\u0119 z Administratorem, przekazuj\u0105 Pa\u0144stwo nam swoje dane osobowe. Administrator gwarantuje, \u017ce Pa\u0144stwa dane pozostan\u0105 poufne, bezpieczne i nie zostan\u0105 udost\u0119pnione jakimkolwiek podmiotom trzecim bez Pa\u0144stwa wyra\u017anej zgody.<\/li>\n<li>Powierzamy przetwarzanie danych osobowych tylko sprawdzonym i zaufanym podmiotom \u015bwiadcz\u0105cym us\u0142ugi zwi\u0105zane z przetwarzaniem danych osobowych.<\/li>\n<li>Korzystamy z narz\u0119dzi analitycznych Google Analytics, kt\u00f3re zbieraj\u0105 informacje na temat Pa\u0144stwa odwiedzin strony, takie jak podstrony, kt\u00f3re Pa\u0144stwo &nbsp;wy\u015bwietlili, czas, jaki Pa\u0144stwo sp\u0119dzili na stronie czy przej\u015bcia pomi\u0119dzy poszczeg\u00f3lnymi podstronami. W tym celu wykorzystywane s\u0105 pliki cookies firmy Google LLC dotycz\u0105ce us\u0142ugi Google Analytics. W ramach Google Analytics zbieramy dane demograficzna oraz dane o zainteresowaniach. W ramach ustawie\u0144 plik\u00f3w cookies mog\u0105 Pa\u0144stwo &nbsp;zadecydowa\u0107, czy wyra\u017caj\u0105 zgod\u0119 na zbieranie takich danych, czy nie.<\/li>\n<li>Korzystamy z narz\u0119dzia Google AdWords w celu prowadzenia kampanii remarketingowych. W tym celu wykorzystywane s\u0105 pliki cookies firmy Google LLC dotycz\u0105ce us\u0142ugi Google AdWords. W ramach ustawie\u0144 plik\u00f3w cookies mog\u0105 Pa\u0144stwo &nbsp;zadecydowa\u0107, czy wyra\u017caj\u0105 zgod\u0119 na wykorzystywanie takich plik\u00f3w cookies, czy nie.<\/li>\n<li>Korzystamy z narz\u0119dzia Google Tag Manager w celu kontrolowania kampanii reklamowych i tego, w jaki spos\u00f3b korzystasz z naszych stron. W tym celu wykorzystywane s\u0105 pliki cookies firmy Google LLC zwi\u0105zane z us\u0142ug\u0105 Google Tag Manager. W ramach ustawie\u0144 plik\u00f3w cookies mo\u017cesz zadecydowa\u0107, czy wyra\u017casz zgod\u0119 na wykorzystywanie w Twoim przypadku takich plik\u00f3w cookies, czy nie.<\/li>\n<li>Zapewniamy mo\u017cliwo\u015b\u0107 korzystania z funkcji spo\u0142eczno\u015bciowych, takich jak udost\u0119pnianie tre\u015bci w serwisach spo\u0142eczno\u015bciowych oraz subskrypcja profilu spo\u0142eczno\u015bciowego. Korzystanie z tych funkcji mo\u017ce wi\u0105za\u0107 si\u0119 z wykorzystywaniem plik\u00f3w cookies administrator\u00f3w serwis\u00f3w spo\u0142eczno\u015bciowych takich jak Facebook, Instagram, YouTube, Twitter, Google+, LinkedIN.<\/li>\n<li>Wykorzystujemy pliki cookies w\u0142asne w celu prawid\u0142owego dzia\u0142ania strony, w szczeg\u00f3lno\u015bci obs\u0142ugi konta u\u017cytkownika, procesu sk\u0142adania zam\u00f3wienia.<\/li>\n<\/ol>\n<p><strong>Dane osobowe<\/strong><\/p>\n<p><strong>Administratorem&nbsp;<\/strong>Twoich danych osobowych w rozumieniu przepis\u00f3w o ochronie danych osobowych jest Bart\u0142omiej Stanek prowadz\u0105cy dzia\u0142alno\u015b\u0107 gospodarcz\u0105 pod firm\u0105 \u201eKancelaria Radcy Prawnego Bart\u0142omiej Stanek\u201d, ul. \u017beromskiego 6, 34-300 \u017bywiec, NIP: 553&nbsp;259 47 87&nbsp;<\/p>\n<p><strong>Cele, podstawy prawne oraz okres przetwarzania danych osobowych&nbsp;<\/strong>wskazane s\u0105 odr\u0119bnie w stosunku do ka\u017cdego celu przetwarzania danych (patrz: opis poszczeg\u00f3lnych cel\u00f3w przetwarzania danych osobowych poni\u017cej).<\/p>\n<p><strong>Uprawnienia<\/strong>. RODO przyznaje Pa\u0144stwu nast\u0119puj\u0105ce potencjalne uprawnienia zwi\u0105zane z przetwarzaniem Pa\u0144stwa danych osobowych:<\/p>\n<ol>\n<li>prawo dost\u0119pu do danych osobowych,<\/li>\n<li>prawo do sprostowania danych osobowych,<\/li>\n<li>prawo do usuni\u0119cia danych osobowych,<\/li>\n<li>prawo do ograniczenia przetwarzania danych osobowych,<\/li>\n<li>prawo do wniesienia sprzeciwu co do przetwarzania danych osobowych,<\/li>\n<li>prawo do przenoszenia danych,<\/li>\n<li>prawo do wniesienia skargi do organu nadzorczego,<\/li>\n<li>prawo do odwo\u0142ania zgody na przetwarzanie danych osobowych, je\u017celi takow\u0105 zgod\u0119 wyrazi\u0142e\u015b.<\/li>\n<\/ol>\n<p>Je\u017celi uznaj\u0105 Pa\u0144stwo, \u017ce przy przetwarzaniu Pa\u0144stwa danych osobowych dopu\u015bcili\u015bmy si\u0119 naruszenia przepis\u00f3w o ochronie danych osobowych, maj\u0105 Pa\u0144stwo mo\u017cliwo\u015b\u0107 wniesienia skargi do organu nadzorczego (Prezesa Urz\u0119du Ochrony Danych Osobowych).<\/p>\n<p><strong>Bezpiecze\u0144stwo<\/strong>. Gwarantujemy Pa\u0144stwu poufno\u015b\u0107 wszelkich przekazanych nam danych osobowych. Zapewniamy podj\u0119cie wszelkich \u015brodk\u00f3w bezpiecze\u0144stwa i ochrony danych osobowych wymaganych przez przepisy o ochronie danych osobowych. Dane osobowe s\u0105 gromadzone z nale\u017cyt\u0105 staranno\u015bci\u0105 i odpowiednio chronione przed dost\u0119pem do nich przez osoby do tego nieupowa\u017cnione.<\/p>\n<p><strong>Odbiorcy danych.<\/strong>&nbsp;Pa\u0144stwa dane mog\u0105 by\u0107 przetwarzane przez naszych podwykonawc\u00f3w, czyli podmioty, z kt\u00f3rych us\u0142ug korzystamy przy przetwarzaniu danych.<\/p>\n<ol>\n<li>Home.pl\u2013 w celu przechowywania danych osobowych na serwerze.<\/li>\n<\/ol>\n<p>Wszystkie podmioty, kt\u00f3rym powierzamy przetwarzanie danych osobowych gwarantuj\u0105 stosowanie odpowiednich \u015brodk\u00f3w ochrony i bezpiecze\u0144stwa danych osobowych wymaganych przez przepisy prawa.<\/p>\n<p>Cele i czynno\u015bci przetwarzania<\/p>\n<p><strong>Kontakt e-mailowy<\/strong>. W przypadku kontaktu z nami za po\u015brednictwem poczty elektronicznej, w tym r\u00f3wnie\u017c formularza kontaktowego, podanie danych jest dobrowolne, ale niezb\u0119dne, by nawi\u0105za\u0107 kontakt.<\/p>\n<p>Pa\u0144stwa dane s\u0105 w tym przypadku przetwarzane w celu kontaktu z Pa\u0144stwem, a podstaw\u0105 przetwarzania jest art. 6 ust. 1 lit. a RODO, czyli Pa\u0144stwa zgoda wynikaj\u0105ce z zainicjowania z nami kontaktu. Podstaw\u0105 prawn\u0105 przetwarzania po zako\u0144czeniu kontaktu jest usprawiedliwiony cel w postaci archiwizacji korespondencji na potrzeby wewn\u0119trzne (art. 6 ust. 1 lit. c RODO).<\/p>\n<p>Tre\u015b\u0107 korespondencji mo\u017ce podlega\u0107 archiwizacji. Maj\u0105 Pa\u0144stwo prawo do domagania si\u0119<\/p>\n<p><strong>Pliki cookies i inne technologie \u015bledz\u0105ce<\/strong><\/p>\n<p>Nasza strona, wykorzystuje pliki cookies.<\/p>\n<p>Cookies to niewielkie informacje tekstowe, przechowywane na Twoim urz\u0105dzeniu ko\u0144cowym (np. komputerze, tablecie, smartfonie), kt\u00f3re mog\u0105 by\u0107 odczytywane przez nasz system teleinformatyczny (cookies w\u0142asne) lub system teleinformatyczny podmiot\u00f3w trzecich (cookies podmiot\u00f3w trzecich).<\/p>\n<p>Niekt\u00f3re u\u017cywane przez nas cookies s\u0105 usuwane po zako\u0144czeniu sesji przegl\u0105darki internetowej, tzn. po jej zamkni\u0119ciu (tzw. cookies sesyjne). Inne cookies s\u0105 zachowywane na Pa\u0144stwa urz\u0105dzeniu ko\u0144cowym i umo\u017cliwiaj\u0105 nam rozpoznanie Pa\u0144stwa przegl\u0105darki przy kolejnym wej\u015bciu na stron\u0119 (trwa\u0142e cookies).<\/p>\n<p><strong>Zgoda na cookies<\/strong>. Podczas pierwszej wizyty na stronie wy\u015bwietlana jest Pa\u0144stwu informacja na temat stosowania plik\u00f3w cookies. Dzi\u0119ki specjalnemu narz\u0119dziu maj\u0105 Pa\u0144stwo mo\u017cliwo\u015b\u0107 zarz\u0105dzania plikami cookies z poziomu strony. Ponadto, zawsze mog\u0105 Pa\u0144stwo &nbsp;zmieni\u0107 ustawienia cookies z poziomu swojej przegl\u0105darki albo w og\u00f3le usun\u0105\u0107 pliki cookies.<\/p>\n<p>Wy\u0142\u0105czenie lub ograniczenie obs\u0142ugi plik\u00f3w cookies mo\u017ce powodowa\u0107 trudno\u015bci w korzystaniu z naszej strony, jak r\u00f3wnie\u017c z wielu innych stron internetowych, kt\u00f3re stosuj\u0105 cookies.<\/p>\n<p><strong>Cookies w\u0142asne<\/strong>. Cookies w\u0142asne wykorzystujemy w celu zapewnienia prawid\u0142owego dzia\u0142ania strony.<\/p>\n<p><strong>Cookies podmiot\u00f3w trzecich<\/strong>. Nasza strona, podobnie jak wi\u0119kszo\u015b\u0107 wsp\u00f3\u0142czesnych stron internetowych, wykorzystuje funkcje zapewniane przez podmioty trzecie, co wi\u0105\u017ce si\u0119 z wykorzystywaniem plik\u00f3w cookies pochodz\u0105cych od podmiot\u00f3w trzecich. Wykorzystanie tego rodzaju plik\u00f3w cookies zosta\u0142o opisane poni\u017cej.<\/p>\n<p><strong>Logi serwera<\/strong><\/p>\n<p>Korzystanie ze strony wi\u0105\u017ce si\u0119 z przesy\u0142aniem zapyta\u0144 do serwera, na kt\u00f3rym przechowywana jest strona. Ka\u017cde zapytanie skierowane do serwera zapisywane jest w logach serwera.<\/p>\n<p>Logi obejmuj\u0105 m.in. Pa\u0144stwa adres IP, dat\u0119 i czas serwera, informacje o przegl\u0105darce internetowej i systemie operacyjnym z jakiego Pa\u0144stwo korzystaj\u0105. Logi zapisywane i przechowywane s\u0105 na serwerze.<\/p>\n<p>Dane zapisane w logach serwera nie s\u0105 kojarzone z konkretnymi osobami korzystaj\u0105cymi ze strony i nie s\u0105 wykorzystywane przez nas w celu Pa\u0144stwa identyfikacji.<\/p>\n<p>Logi serwera stanowi\u0105 wy\u0142\u0105cznie materia\u0142 pomocniczy s\u0142u\u017c\u0105cy do administrowania stron\u0105, a ich zawarto\u015b\u0107 nie jest ujawniana nikomu poza osobami upowa\u017cnionymi do administrowania serwerem.<\/p>\t\t\t\t\t\t\t\t<\/div>\n\t\t\t\t<\/div>\n\t\t\t\t<\/div>\n\t\t\t\t<\/div>\n\t\t","protected":false},"excerpt":{"rendered":"<p>POLITYKA PRYWATNO\u015aCII PLIK\u00d3W COOKIES Administratorem strony jest Bart\u0142omiej Stanek prowadz\u0105cy dzia\u0142alno\u015b\u0107 gospodarcz\u0105 pod firm\u0105 &#8222;Kancelaria Radcy Prawnego Bart\u0142omiej Stanek&#8221;, ul. [&hellip;]<\/p>\n","protected":false},"author":1,"featured_media":0,"parent":0,"menu_order":0,"comment_status":"closed","ping_status":"closed","template":"","meta":{"site-sidebar-layout":"no-sidebar","site-content-layout":"","ast-site-content-layout":"full-width-container","site-content-style":"default","site-sidebar-style":"default","ast-global-header-display":"","ast-banner-title-visibility":"","ast-main-header-display":"","ast-hfb-above-header-display":"","ast-hfb-below-header-display":"","ast-hfb-mobile-header-display":"","site-post-title":"disabled","ast-breadcrumbs-content":"","ast-featured-img":"disabled","footer-sml-layout":"","ast-disable-related-posts":"","theme-transparent-header-meta":"","adv-header-id-meta":"","stick-header-meta":"","header-above-stick-meta":"","header-main-stick-meta":"","header-below-stick-meta":"","astra-migrate-meta-layouts":"default","ast-page-background-enabled":"default","ast-page-background-meta":{"desktop":{"background-color":"var(--ast-global-color-5)","background-image":"","background-repeat":"repeat","background-position":"center center","background-size":"auto","background-attachment":"scroll","background-type":"","background-media":"","overlay-type":"","overlay-color":"","overlay-opacity":"","overlay-gradient":""},"tablet":{"background-color":"","background-image":"","background-repeat":"repeat","background-position":"center center","background-size":"auto","background-attachment":"scroll","background-type":"","background-media":"","overlay-type":"","overlay-color":"","overlay-opacity":"","overlay-gradient":""},"mobile":{"background-color":"","background-image":"","background-repeat":"repeat","background-position":"center center","background-size":"auto","background-attachment":"scroll","background-type":"","background-media":"","overlay-type":"","overlay-color":"","overlay-opacity":"","overlay-gradient":""}},"ast-content-background-meta":{"desktop":{"background-color":"var(--ast-global-color-4)","background-image":"","background-repeat":"repeat","background-position":"center center","background-size":"auto","background-attachment":"scroll","background-type":"","background-media":"","overlay-type":"","overlay-color":"","overlay-opacity":"","overlay-gradient":""},"tablet":{"background-color":"var(--ast-global-color-4)","background-image":"","background-repeat":"repeat","background-position":"center center","background-size":"auto","background-attachment":"scroll","background-type":"","background-media":"","overlay-type":"","overlay-color":"","overlay-opacity":"","overlay-gradient":""},"mobile":{"background-color":"var(--ast-global-color-4)","background-image":"","background-repeat":"repeat","background-position":"center center","background-size":"auto","background-attachment":"scroll","background-type":"","background-media":"","overlay-type":"","overlay-color":"","overlay-opacity":"","overlay-gradient":""}},"footnotes":""},"class_list":["post-65","page","type-page","status-publish","hentry"],"_links":{"self":[{"href":"https:\/\/testy.serwisroot.pl\/index.php?rest_route=\/wp\/v2\/pages\/65","targetHints":{"allow":["GET"]}}],"collection":[{"href":"https:\/\/testy.serwisroot.pl\/index.php?rest_route=\/wp\/v2\/pages"}],"about":[{"href":"https:\/\/testy.serwisroot.pl\/index.php?rest_route=\/wp\/v2\/types\/page"}],"author":[{"embeddable":true,"href":"https:\/\/testy.serwisroot.pl\/index.php?rest_route=\/wp\/v2\/users\/1"}],"replies":[{"embeddable":true,"href":"https:\/\/testy.serwisroot.pl\/index.php?rest_route=%2Fwp%2Fv2%2Fcomments&post=65"}],"version-history":[{"count":17,"href":"https:\/\/testy.serwisroot.pl\/index.php?rest_route=\/wp\/v2\/pages\/65\/revisions"}],"predecessor-version":[{"id":459,"href":"https:\/\/testy.serwisroot.pl\/index.php?rest_route=\/wp\/v2\/pages\/65\/revisions\/459"}],"wp:attachment":[{"href":"https:\/\/testy.serwisroot.pl\/index.php?rest_route=%2Fwp%2Fv2%2Fmedia&parent=65"}],"curies":[{"name":"wp","href":"https:\/\/api.w.org\/{rel}","templated":true}]}}