{"id":107,"date":"2025-05-05T10:04:39","date_gmt":"2025-05-05T08:04:39","guid":{"rendered":"https:\/\/testy.serwisroot.pl\/?page_id=107"},"modified":"2025-10-13T10:44:55","modified_gmt":"2025-10-13T08:44:55","slug":"oferta","status":"publish","type":"page","link":"https:\/\/testy.serwisroot.pl\/?page_id=107","title":{"rendered":"OFERTA"},"content":{"rendered":"\t\t<div data-elementor-type=\"wp-page\" data-elementor-id=\"107\" class=\"elementor elementor-107\">\n\t\t\t\t<div class=\"elementor-element elementor-element-59b7259 e-grid e-con-boxed e-con e-parent\" data-id=\"59b7259\" data-element_type=\"container\" data-e-type=\"container\">\n\t\t\t\t\t<div class=\"e-con-inner\">\n\t\t\t\t<div class=\"elementor-element elementor-element-0c49772 elementor-widget-divider--view-line elementor-widget elementor-widget-divider\" data-id=\"0c49772\" data-element_type=\"widget\" data-e-type=\"widget\" data-widget_type=\"divider.default\">\n\t\t\t\t<div class=\"elementor-widget-container\">\n\t\t\t\t\t\t\t<div class=\"elementor-divider\">\n\t\t\t<span class=\"elementor-divider-separator\">\n\t\t\t\t\t\t<\/span>\n\t\t<\/div>\n\t\t\t\t\t\t<\/div>\n\t\t\t\t<\/div>\n\t\t\t\t\t<\/div>\n\t\t\t\t<\/div>\n\t\t<div class=\"elementor-element elementor-element-4687150 e-flex e-con-boxed e-con e-parent\" data-id=\"4687150\" data-element_type=\"container\" data-e-type=\"container\">\n\t\t\t\t\t<div class=\"e-con-inner\">\n\t\t<div class=\"elementor-element elementor-element-5df6fd8 e-con-full e-flex e-con e-child\" data-id=\"5df6fd8\" data-element_type=\"container\" data-e-type=\"container\">\n\t\t\t\t<div class=\"elementor-element elementor-element-1d9ab95 elementor-widget-tablet__width-initial elementor-widget elementor-widget-image\" data-id=\"1d9ab95\" data-element_type=\"widget\" data-e-type=\"widget\" data-widget_type=\"image.default\">\n\t\t\t\t<div class=\"elementor-widget-container\">\n\t\t\t\t\t\t\t\t\t\t\t\t\t\t\t<img fetchpriority=\"high\" decoding=\"async\" width=\"1024\" height=\"1024\" src=\"https:\/\/testy.serwisroot.pl\/wp-content\/uploads\/2025\/07\/TEMIDA-1024x1024.png\" class=\"attachment-large size-large wp-image-363\" alt=\"\" srcset=\"https:\/\/testy.serwisroot.pl\/wp-content\/uploads\/2025\/07\/TEMIDA-1024x1024.png 1024w, https:\/\/testy.serwisroot.pl\/wp-content\/uploads\/2025\/07\/TEMIDA-300x300.png 300w, https:\/\/testy.serwisroot.pl\/wp-content\/uploads\/2025\/07\/TEMIDA-150x150.png 150w, https:\/\/testy.serwisroot.pl\/wp-content\/uploads\/2025\/07\/TEMIDA-768x768.png 768w, https:\/\/testy.serwisroot.pl\/wp-content\/uploads\/2025\/07\/TEMIDA.png 1120w\" sizes=\"(max-width: 1024px) 100vw, 1024px\" \/>\t\t\t\t\t\t\t\t\t\t\t\t\t\t\t<\/div>\n\t\t\t\t<\/div>\n\t\t\t\t<\/div>\n\t\t<div class=\"elementor-element elementor-element-ed03a9e e-con-full e-flex e-con e-child\" data-id=\"ed03a9e\" data-element_type=\"container\" data-e-type=\"container\">\n\t\t\t\t<div class=\"elementor-element elementor-element-7d58afd elementor-widget elementor-widget-text-editor\" data-id=\"7d58afd\" data-element_type=\"widget\" data-e-type=\"widget\" data-widget_type=\"text-editor.default\">\n\t\t\t\t<div class=\"elementor-widget-container\">\n\t\t\t\t\t\t\t\t\t<p>Kancelaria zapewnia rzeteln\u0105 i profesjonaln\u0105 pomoc prawn\u0105 dostosowan\u0105 do indywidualnych potrzeb klienta. Udzielam porad prawnych w sprawach cywilnych, rodzinnych, spadkowych, administracyjnych oraz gospodarczych.<\/p><p><b>Koszt standardowej porady prawnej wynosi 300 z\u0142 brutto<\/b> co obejmuje:<\/p><ul><li>spotkanie\/wideorozmow\u0119 z klientem (do 1h)<\/li><li>zapoznanie si\u0119 z przedstawionym problemem i dokumentami klienta<\/li><li>odpowied\u017a na pytania klienta oraz wyja\u015bnienie jego sytuacji prawnej<\/li><li>wskazanie mo\u017cliwych rozwi\u0105za\u0144 i rekomendowanego dzia\u0142ania<\/li><li>informacj\u0119 o dalszych krokach, np. mo\u017cliwo\u015b\u0107 sporz\u0105dzenia pisma, reprezentacji lub dalszej wsp\u00f3\u0142pracy<\/li><\/ul><p>Niezale\u017cnie od decyzji dotycz\u0105cej dalszej wsp\u00f3\u0142pracy ca\u0142o\u015b\u0107 rozmowy jest obj\u0119ta tajemnic\u0105 zawodow\u0105 radcy prawnego. <strong>W razie nawi\u0105zania wsp\u00f3\u0142pracy dalsze wynagrodzenie jest ustalane indywidualnie z klientem wedle nast\u0119puj\u0105cych opcji:<\/strong>\u00a0<\/p>\t\t\t\t\t\t\t\t<\/div>\n\t\t\t\t<\/div>\n\t\t\t\t<\/div>\n\t\t\t\t\t<\/div>\n\t\t\t\t<\/div>\n\t\t<div class=\"elementor-element elementor-element-40910a88 e-grid e-con-full e-con e-parent\" data-id=\"40910a88\" data-element_type=\"container\" data-e-type=\"container\">\n\t\t\t\t<div class=\"elementor-element elementor-element-7803c400 elementor-widget elementor-widget-text-editor\" data-id=\"7803c400\" data-element_type=\"widget\" data-e-type=\"widget\" data-widget_type=\"text-editor.default\">\n\t\t\t\t<div class=\"elementor-widget-container\">\n\t\t\t\t\t\t\t\t\t<h2><strong>\u00a0<span style=\"color: var(--ast-global-color-2); font-size: 1.5rem; font-style: inherit; text-align: var(--text-align); background-color: var(--ast-global-color-4);\">WYNAGRODZENIE GODZINOWE<\/span><\/strong><\/h2><p>Wynagrodzenie godzinowe polega na rozliczaniu us\u0142ug prawnych wed\u0142ug faktycznie przepracowanego czasu. Stawka ustalana jest indywidualnie i dotyczy ka\u017cdej rozpocz\u0119tej godziny pracy nad spraw\u0105. Ten model rozlicze\u0144 sprawdza si\u0119 szczeg\u00f3lnie przy zleceniach o zmiennym zakresie lub wymagaj\u0105cych bie\u017c\u0105cej obs\u0142ugi prawnej.<\/p>\t\t\t\t\t\t\t\t<\/div>\n\t\t\t\t<\/div>\n\t\t\t\t<div class=\"elementor-element elementor-element-4bfcf28f elementor-widget elementor-widget-text-editor\" data-id=\"4bfcf28f\" data-element_type=\"widget\" data-e-type=\"widget\" data-widget_type=\"text-editor.default\">\n\t\t\t\t<div class=\"elementor-widget-container\">\n\t\t\t\t\t\t\t\t\t<p><strong>\u00a0<span style=\"color: var(--ast-global-color-2); font-size: 1.5rem; font-style: inherit; text-align: var(--text-align); background-color: var(--ast-global-color-4);\">WYNAGRODZENIE RYCZA\u0141TOWE<\/span><\/strong><\/p><p>Wynagrodzenie rycza\u0142towe polega na ustaleniu z g\u00f3ry sta\u0142ej miesi\u0119cznej op\u0142aty za obs\u0142ug\u0119 prawn\u0105. Jest to korzystne rozwi\u0105zanie dla przedsi\u0119biorc\u00f3w, kt\u00f3rzy potrzebuj\u0105 regularnego wsparcia prawnego i chc\u0105 przewidzie\u0107 koszty. W ramach rycza\u0142tu ustalany jest zakres us\u0142ug oraz dost\u0119pno\u015b\u0107 kancelarii<\/p>\t\t\t\t\t\t\t\t<\/div>\n\t\t\t\t<\/div>\n\t\t\t\t<div class=\"elementor-element elementor-element-47aadd53 elementor-widget elementor-widget-text-editor\" data-id=\"47aadd53\" data-element_type=\"widget\" data-e-type=\"widget\" data-widget_type=\"text-editor.default\">\n\t\t\t\t<div class=\"elementor-widget-container\">\n\t\t\t\t\t\t\t\t\t<p><strong>\u00a0<span style=\"color: var(--ast-global-color-2); font-size: 1.5rem; font-style: inherit; text-align: var(--text-align); background-color: var(--ast-global-color-4);\">WYNAGRODZENIE SUCESS FEE\u00a0<\/span><\/strong><\/p><p>Wynagrodzenie typu success fee to premia za pozytywny wynik sprawy, ustalana jako procent od uzyskanej korzy\u015bci. Mo\u017ce stanowi\u0107 element wynagrodzenia, ale zgodnie z Kodeksem Etyki Radcy Prawnego nie mo\u017ce by\u0107 jego jedyn\u0105 form\u0105. Success fee stosowane jest najcz\u0119\u015bciej obok op\u0142aty podstawowej \u2013 np. rycza\u0142towej lub godzinowej.<\/p>\t\t\t\t\t\t\t\t<\/div>\n\t\t\t\t<\/div>\n\t\t\t\t<\/div>\n\t\t<div class=\"elementor-element elementor-element-81b9f6b e-grid e-con-boxed e-con e-parent\" data-id=\"81b9f6b\" data-element_type=\"container\" data-e-type=\"container\">\n\t\t\t\t\t<div class=\"e-con-inner\">\n\t\t\t\t<div class=\"elementor-element elementor-element-e17ce58 elementor-widget-divider--view-line elementor-widget elementor-widget-divider\" data-id=\"e17ce58\" data-element_type=\"widget\" data-e-type=\"widget\" data-widget_type=\"divider.default\">\n\t\t\t\t<div class=\"elementor-widget-container\">\n\t\t\t\t\t\t\t<div class=\"elementor-divider\">\n\t\t\t<span class=\"elementor-divider-separator\">\n\t\t\t\t\t\t<\/span>\n\t\t<\/div>\n\t\t\t\t\t\t<\/div>\n\t\t\t\t<\/div>\n\t\t\t\t<div class=\"elementor-element elementor-element-312e2f4 elementor-widget elementor-widget-heading\" data-id=\"312e2f4\" data-element_type=\"widget\" data-e-type=\"widget\" data-widget_type=\"heading.default\">\n\t\t\t\t<div class=\"elementor-widget-container\">\n\t\t\t\t\t<h2 class=\"elementor-heading-title elementor-size-default\">Gdzie dzia\u0142amy?<\/h2>\t\t\t\t<\/div>\n\t\t\t\t<\/div>\n\t\t\t\t\t<\/div>\n\t\t\t\t<\/div>\n\t\t<div class=\"elementor-element elementor-element-6896ecb e-grid e-con-boxed e-con e-parent\" data-id=\"6896ecb\" data-element_type=\"container\" data-e-type=\"container\">\n\t\t\t\t\t<div class=\"e-con-inner\">\n\t\t\t\t<div class=\"elementor-element elementor-element-c67dabd elementor-widget elementor-widget-text-editor\" data-id=\"c67dabd\" data-element_type=\"widget\" data-e-type=\"widget\" data-widget_type=\"text-editor.default\">\n\t\t\t\t<div class=\"elementor-widget-container\">\n\t\t\t\t\t\t\t\t\t<p>Kancelaria \u015bwiadczy pomoc prawn\u0105 na obszarze wojew\u00f3dztwa \u015bl\u0105skiego oraz wojew\u00f3dztwa ma\u0142opolskiego, w szczeg\u00f3lno\u015bci obejmuj\u0105c nast\u0119puj\u0105ce lokalizacje:<\/p>\t\t\t\t\t\t\t\t<\/div>\n\t\t\t\t<\/div>\n\t\t\t\t\t<\/div>\n\t\t\t\t<\/div>\n\t\t<div class=\"elementor-element elementor-element-8e48191 e-grid e-con-boxed e-con e-parent\" data-id=\"8e48191\" data-element_type=\"container\" data-e-type=\"container\">\n\t\t\t\t\t<div class=\"e-con-inner\">\n\t\t\t\t<div class=\"elementor-element elementor-element-9e67ff4 elementor-position-top elementor-widget elementor-widget-image-box\" data-id=\"9e67ff4\" data-element_type=\"widget\" data-e-type=\"widget\" data-widget_type=\"image-box.default\">\n\t\t\t\t<div class=\"elementor-widget-container\">\n\t\t\t\t\t<div class=\"elementor-image-box-wrapper\"><figure class=\"elementor-image-box-img\"><img decoding=\"async\" width=\"320\" height=\"320\" src=\"https:\/\/testy.serwisroot.pl\/wp-content\/uploads\/2025\/10\/Znacznik.png\" class=\"attachment-full size-full wp-image-473\" alt=\"\" srcset=\"https:\/\/testy.serwisroot.pl\/wp-content\/uploads\/2025\/10\/Znacznik.png 320w, https:\/\/testy.serwisroot.pl\/wp-content\/uploads\/2025\/10\/Znacznik-300x300.png 300w, https:\/\/testy.serwisroot.pl\/wp-content\/uploads\/2025\/10\/Znacznik-150x150.png 150w\" sizes=\"(max-width: 320px) 100vw, 320px\" \/><\/figure><div class=\"elementor-image-box-content\"><h3 class=\"elementor-image-box-title\">\u017bYWIEC<\/h3><\/div><\/div>\t\t\t\t<\/div>\n\t\t\t\t<\/div>\n\t\t\t\t<div class=\"elementor-element elementor-element-33bd923 elementor-position-top elementor-widget elementor-widget-image-box\" data-id=\"33bd923\" data-element_type=\"widget\" data-e-type=\"widget\" data-widget_type=\"image-box.default\">\n\t\t\t\t<div class=\"elementor-widget-container\">\n\t\t\t\t\t<div class=\"elementor-image-box-wrapper\"><figure class=\"elementor-image-box-img\"><img decoding=\"async\" width=\"320\" height=\"320\" src=\"https:\/\/testy.serwisroot.pl\/wp-content\/uploads\/2025\/10\/Znacznik.png\" class=\"attachment-full size-full wp-image-473\" alt=\"\" srcset=\"https:\/\/testy.serwisroot.pl\/wp-content\/uploads\/2025\/10\/Znacznik.png 320w, https:\/\/testy.serwisroot.pl\/wp-content\/uploads\/2025\/10\/Znacznik-300x300.png 300w, https:\/\/testy.serwisroot.pl\/wp-content\/uploads\/2025\/10\/Znacznik-150x150.png 150w\" sizes=\"(max-width: 320px) 100vw, 320px\" \/><\/figure><div class=\"elementor-image-box-content\"><h3 class=\"elementor-image-box-title\">BIELSKO-BIA\u0141A<\/h3><\/div><\/div>\t\t\t\t<\/div>\n\t\t\t\t<\/div>\n\t\t\t\t<div class=\"elementor-element elementor-element-102ee44 elementor-position-top elementor-widget elementor-widget-image-box\" data-id=\"102ee44\" data-element_type=\"widget\" data-e-type=\"widget\" data-widget_type=\"image-box.default\">\n\t\t\t\t<div class=\"elementor-widget-container\">\n\t\t\t\t\t<div class=\"elementor-image-box-wrapper\"><figure class=\"elementor-image-box-img\"><img decoding=\"async\" width=\"320\" height=\"320\" src=\"https:\/\/testy.serwisroot.pl\/wp-content\/uploads\/2025\/10\/Znacznik.png\" class=\"attachment-full size-full wp-image-473\" alt=\"\" srcset=\"https:\/\/testy.serwisroot.pl\/wp-content\/uploads\/2025\/10\/Znacznik.png 320w, https:\/\/testy.serwisroot.pl\/wp-content\/uploads\/2025\/10\/Znacznik-300x300.png 300w, https:\/\/testy.serwisroot.pl\/wp-content\/uploads\/2025\/10\/Znacznik-150x150.png 150w\" sizes=\"(max-width: 320px) 100vw, 320px\" \/><\/figure><div class=\"elementor-image-box-content\"><h3 class=\"elementor-image-box-title\">CIESZYN<\/h3><\/div><\/div>\t\t\t\t<\/div>\n\t\t\t\t<\/div>\n\t\t\t\t<div class=\"elementor-element elementor-element-2192c00 elementor-position-top elementor-widget elementor-widget-image-box\" data-id=\"2192c00\" data-element_type=\"widget\" data-e-type=\"widget\" data-widget_type=\"image-box.default\">\n\t\t\t\t<div class=\"elementor-widget-container\">\n\t\t\t\t\t<div class=\"elementor-image-box-wrapper\"><figure class=\"elementor-image-box-img\"><img decoding=\"async\" width=\"320\" height=\"320\" src=\"https:\/\/testy.serwisroot.pl\/wp-content\/uploads\/2025\/10\/Znacznik.png\" class=\"attachment-full size-full wp-image-473\" alt=\"\" srcset=\"https:\/\/testy.serwisroot.pl\/wp-content\/uploads\/2025\/10\/Znacznik.png 320w, https:\/\/testy.serwisroot.pl\/wp-content\/uploads\/2025\/10\/Znacznik-300x300.png 300w, https:\/\/testy.serwisroot.pl\/wp-content\/uploads\/2025\/10\/Znacznik-150x150.png 150w\" sizes=\"(max-width: 320px) 100vw, 320px\" \/><\/figure><div class=\"elementor-image-box-content\"><h3 class=\"elementor-image-box-title\">PSZCZYNA<\/h3><\/div><\/div>\t\t\t\t<\/div>\n\t\t\t\t<\/div>\n\t\t\t\t<div class=\"elementor-element elementor-element-75768f5 elementor-position-top elementor-widget elementor-widget-image-box\" data-id=\"75768f5\" data-element_type=\"widget\" data-e-type=\"widget\" data-widget_type=\"image-box.default\">\n\t\t\t\t<div class=\"elementor-widget-container\">\n\t\t\t\t\t<div class=\"elementor-image-box-wrapper\"><figure class=\"elementor-image-box-img\"><img decoding=\"async\" width=\"320\" height=\"320\" src=\"https:\/\/testy.serwisroot.pl\/wp-content\/uploads\/2025\/10\/Znacznik.png\" class=\"attachment-full size-full wp-image-473\" alt=\"\" srcset=\"https:\/\/testy.serwisroot.pl\/wp-content\/uploads\/2025\/10\/Znacznik.png 320w, https:\/\/testy.serwisroot.pl\/wp-content\/uploads\/2025\/10\/Znacznik-300x300.png 300w, https:\/\/testy.serwisroot.pl\/wp-content\/uploads\/2025\/10\/Znacznik-150x150.png 150w\" sizes=\"(max-width: 320px) 100vw, 320px\" \/><\/figure><div class=\"elementor-image-box-content\"><h3 class=\"elementor-image-box-title\">\u017bORY<\/h3><\/div><\/div>\t\t\t\t<\/div>\n\t\t\t\t<\/div>\n\t\t\t\t<div class=\"elementor-element elementor-element-6ecdcd5 elementor-position-top elementor-widget elementor-widget-image-box\" data-id=\"6ecdcd5\" data-element_type=\"widget\" data-e-type=\"widget\" data-widget_type=\"image-box.default\">\n\t\t\t\t<div class=\"elementor-widget-container\">\n\t\t\t\t\t<div class=\"elementor-image-box-wrapper\"><figure class=\"elementor-image-box-img\"><img decoding=\"async\" width=\"320\" height=\"320\" src=\"https:\/\/testy.serwisroot.pl\/wp-content\/uploads\/2025\/10\/Znacznik.png\" class=\"attachment-full size-full wp-image-473\" alt=\"\" srcset=\"https:\/\/testy.serwisroot.pl\/wp-content\/uploads\/2025\/10\/Znacznik.png 320w, https:\/\/testy.serwisroot.pl\/wp-content\/uploads\/2025\/10\/Znacznik-300x300.png 300w, https:\/\/testy.serwisroot.pl\/wp-content\/uploads\/2025\/10\/Znacznik-150x150.png 150w\" sizes=\"(max-width: 320px) 100vw, 320px\" \/><\/figure><div class=\"elementor-image-box-content\"><h3 class=\"elementor-image-box-title\">RYBNIK<\/h3><\/div><\/div>\t\t\t\t<\/div>\n\t\t\t\t<\/div>\n\t\t\t\t<div class=\"elementor-element elementor-element-96f7fba elementor-position-top elementor-widget elementor-widget-image-box\" data-id=\"96f7fba\" data-element_type=\"widget\" data-e-type=\"widget\" data-widget_type=\"image-box.default\">\n\t\t\t\t<div class=\"elementor-widget-container\">\n\t\t\t\t\t<div class=\"elementor-image-box-wrapper\"><figure class=\"elementor-image-box-img\"><img decoding=\"async\" width=\"320\" height=\"320\" src=\"https:\/\/testy.serwisroot.pl\/wp-content\/uploads\/2025\/10\/Znacznik.png\" class=\"attachment-full size-full wp-image-473\" alt=\"\" srcset=\"https:\/\/testy.serwisroot.pl\/wp-content\/uploads\/2025\/10\/Znacznik.png 320w, https:\/\/testy.serwisroot.pl\/wp-content\/uploads\/2025\/10\/Znacznik-300x300.png 300w, https:\/\/testy.serwisroot.pl\/wp-content\/uploads\/2025\/10\/Znacznik-150x150.png 150w\" sizes=\"(max-width: 320px) 100vw, 320px\" \/><\/figure><div class=\"elementor-image-box-content\"><h3 class=\"elementor-image-box-title\">WADOWICE<\/h3><\/div><\/div>\t\t\t\t<\/div>\n\t\t\t\t<\/div>\n\t\t\t\t<div class=\"elementor-element elementor-element-b4842af elementor-position-top elementor-widget elementor-widget-image-box\" data-id=\"b4842af\" data-element_type=\"widget\" data-e-type=\"widget\" data-widget_type=\"image-box.default\">\n\t\t\t\t<div class=\"elementor-widget-container\">\n\t\t\t\t\t<div class=\"elementor-image-box-wrapper\"><figure class=\"elementor-image-box-img\"><img decoding=\"async\" width=\"320\" height=\"320\" src=\"https:\/\/testy.serwisroot.pl\/wp-content\/uploads\/2025\/10\/Znacznik.png\" class=\"attachment-full size-full wp-image-473\" alt=\"\" srcset=\"https:\/\/testy.serwisroot.pl\/wp-content\/uploads\/2025\/10\/Znacznik.png 320w, https:\/\/testy.serwisroot.pl\/wp-content\/uploads\/2025\/10\/Znacznik-300x300.png 300w, https:\/\/testy.serwisroot.pl\/wp-content\/uploads\/2025\/10\/Znacznik-150x150.png 150w\" sizes=\"(max-width: 320px) 100vw, 320px\" \/><\/figure><div class=\"elementor-image-box-content\"><h3 class=\"elementor-image-box-title\">SUCHA BESKIDZKA<\/h3><\/div><\/div>\t\t\t\t<\/div>\n\t\t\t\t<\/div>\n\t\t\t\t\t<\/div>\n\t\t\t\t<\/div>\n\t\t<div class=\"elementor-element elementor-element-a75140d e-flex e-con-boxed e-con e-parent\" data-id=\"a75140d\" data-element_type=\"container\" data-e-type=\"container\">\n\t\t\t\t\t<div class=\"e-con-inner\">\n\t\t\t\t<div class=\"elementor-element elementor-element-49dc482 elementor-widget-divider--view-line elementor-widget elementor-widget-divider\" data-id=\"49dc482\" data-element_type=\"widget\" data-e-type=\"widget\" data-widget_type=\"divider.default\">\n\t\t\t\t<div class=\"elementor-widget-container\">\n\t\t\t\t\t\t\t<div class=\"elementor-divider\">\n\t\t\t<span class=\"elementor-divider-separator\">\n\t\t\t\t\t\t<\/span>\n\t\t<\/div>\n\t\t\t\t\t\t<\/div>\n\t\t\t\t<\/div>\n\t\t\t\t\t<\/div>\n\t\t\t\t<\/div>\n\t\t\t\t<\/div>\n\t\t","protected":false},"excerpt":{"rendered":"<p>Kancelaria zapewnia rzeteln\u0105 i profesjonaln\u0105 pomoc prawn\u0105 dostosowan\u0105 do indywidualnych potrzeb klienta. Udzielam porad prawnych w sprawach cywilnych, rodzinnych, spadkowych, [&hellip;]<\/p>\n","protected":false},"author":2,"featured_media":0,"parent":0,"menu_order":0,"comment_status":"closed","ping_status":"closed","template":"","meta":{"site-sidebar-layout":"no-sidebar","site-content-layout":"","ast-site-content-layout":"full-width-container","site-content-style":"default","site-sidebar-style":"default","ast-global-header-display":"","ast-banner-title-visibility":"","ast-main-header-display":"","ast-hfb-above-header-display":"","ast-hfb-below-header-display":"","ast-hfb-mobile-header-display":"","site-post-title":"","ast-breadcrumbs-content":"","ast-featured-img":"disabled","footer-sml-layout":"","ast-disable-related-posts":"","theme-transparent-header-meta":"","adv-header-id-meta":"","stick-header-meta":"","header-above-stick-meta":"","header-main-stick-meta":"","header-below-stick-meta":"","astra-migrate-meta-layouts":"default","ast-page-background-enabled":"default","ast-page-background-meta":{"desktop":{"background-color":"var(--ast-global-color-5)","background-image":"","background-repeat":"repeat","background-position":"center center","background-size":"auto","background-attachment":"scroll","background-type":"","background-media":"","overlay-type":"","overlay-color":"","overlay-opacity":"","overlay-gradient":""},"tablet":{"background-color":"","background-image":"","background-repeat":"repeat","background-position":"center center","background-size":"auto","background-attachment":"scroll","background-type":"","background-media":"","overlay-type":"","overlay-color":"","overlay-opacity":"","overlay-gradient":""},"mobile":{"background-color":"","background-image":"","background-repeat":"repeat","background-position":"center center","background-size":"auto","background-attachment":"scroll","background-type":"","background-media":"","overlay-type":"","overlay-color":"","overlay-opacity":"","overlay-gradient":""}},"ast-content-background-meta":{"desktop":{"background-color":"var(--ast-global-color-4)","background-image":"","background-repeat":"repeat","background-position":"center center","background-size":"auto","background-attachment":"scroll","background-type":"","background-media":"","overlay-type":"","overlay-color":"","overlay-opacity":"","overlay-gradient":""},"tablet":{"background-color":"var(--ast-global-color-4)","background-image":"","background-repeat":"repeat","background-position":"center center","background-size":"auto","background-attachment":"scroll","background-type":"","background-media":"","overlay-type":"","overlay-color":"","overlay-opacity":"","overlay-gradient":""},"mobile":{"background-color":"var(--ast-global-color-4)","background-image":"","background-repeat":"repeat","background-position":"center center","background-size":"auto","background-attachment":"scroll","background-type":"","background-media":"","overlay-type":"","overlay-color":"","overlay-opacity":"","overlay-gradient":""}},"footnotes":""},"class_list":["post-107","page","type-page","status-publish","hentry"],"_links":{"self":[{"href":"https:\/\/testy.serwisroot.pl\/index.php?rest_route=\/wp\/v2\/pages\/107","targetHints":{"allow":["GET"]}}],"collection":[{"href":"https:\/\/testy.serwisroot.pl\/index.php?rest_route=\/wp\/v2\/pages"}],"about":[{"href":"https:\/\/testy.serwisroot.pl\/index.php?rest_route=\/wp\/v2\/types\/page"}],"author":[{"embeddable":true,"href":"https:\/\/testy.serwisroot.pl\/index.php?rest_route=\/wp\/v2\/users\/2"}],"replies":[{"embeddable":true,"href":"https:\/\/testy.serwisroot.pl\/index.php?rest_route=%2Fwp%2Fv2%2Fcomments&post=107"}],"version-history":[{"count":19,"href":"https:\/\/testy.serwisroot.pl\/index.php?rest_route=\/wp\/v2\/pages\/107\/revisions"}],"predecessor-version":[{"id":479,"href":"https:\/\/testy.serwisroot.pl\/index.php?rest_route=\/wp\/v2\/pages\/107\/revisions\/479"}],"wp:attachment":[{"href":"https:\/\/testy.serwisroot.pl\/index.php?rest_route=%2Fwp%2Fv2%2Fmedia&parent=107"}],"curies":[{"name":"wp","href":"https:\/\/api.w.org\/{rel}","templated":true}]}}