{"id":102,"date":"2025-05-05T10:02:52","date_gmt":"2025-05-05T08:02:52","guid":{"rendered":"https:\/\/testy.serwisroot.pl\/?page_id=102"},"modified":"2025-09-29T13:02:45","modified_gmt":"2025-09-29T11:02:45","slug":"o-mnie","status":"publish","type":"page","link":"https:\/\/testy.serwisroot.pl\/?page_id=102","title":{"rendered":"O MNIE"},"content":{"rendered":"\t\t<div data-elementor-type=\"wp-page\" data-elementor-id=\"102\" class=\"elementor elementor-102\">\n\t\t\t\t<div class=\"elementor-element elementor-element-18fcf83 e-flex e-con-boxed e-con e-parent\" data-id=\"18fcf83\" data-element_type=\"container\" data-e-type=\"container\">\n\t\t\t\t\t<div class=\"e-con-inner\">\n\t\t\t\t<div class=\"elementor-element elementor-element-c64fee9 elementor-widget-divider--view-line elementor-widget elementor-widget-divider\" data-id=\"c64fee9\" data-element_type=\"widget\" data-e-type=\"widget\" data-widget_type=\"divider.default\">\n\t\t\t\t<div class=\"elementor-widget-container\">\n\t\t\t\t\t\t\t<div class=\"elementor-divider\">\n\t\t\t<span class=\"elementor-divider-separator\">\n\t\t\t\t\t\t<\/span>\n\t\t<\/div>\n\t\t\t\t\t\t<\/div>\n\t\t\t\t<\/div>\n\t\t\t\t\t<\/div>\n\t\t\t\t<\/div>\n\t\t<div class=\"elementor-element elementor-element-2afc328 e-flex e-con-boxed e-con e-parent\" data-id=\"2afc328\" data-element_type=\"container\" data-e-type=\"container\">\n\t\t\t\t\t<div class=\"e-con-inner\">\n\t\t<div class=\"elementor-element elementor-element-fe60510 e-grid e-con-full e-con e-child\" data-id=\"fe60510\" data-element_type=\"container\" data-e-type=\"container\">\n\t\t\t\t<div class=\"elementor-element elementor-element-68a47d7 elementor-widget elementor-widget-text-editor\" data-id=\"68a47d7\" data-element_type=\"widget\" data-e-type=\"widget\" data-widget_type=\"text-editor.default\">\n\t\t\t\t<div class=\"elementor-widget-container\">\n\t\t\t\t\t\t\t\t\t<h1><strong>BART\u0141OMIEJ STANEK<\/strong><\/h1><h4><strong>RADCA PRAWNY\u00a0<\/strong><\/h4><p>Nazywam si\u0119 Bart\u0142omiej Stanek i jestem radc\u0105 prawnym.<\/p><p>Uko\u0144czy\u0142em studia prawnicze na Wydziale Prawa i Administracji Uniwersytetu \u015al\u0105skiego w Katowicach w 2019 roku.\u00a0<\/p><p>W trakcie studi\u00f3w odbywa\u0142em praktyki oraz pracowa\u0142em w bielskich kancelariach adwokackich, gdzie pog\u0142\u0119bia\u0142em wiedz\u0119 i do\u015bwiadczenie zwi\u0105zane ze \u015bwiadczeniem pomocy prawnej z zakresu spraw cywilnych, administracyjnych oraz karnych.<\/p><p>Od 2020 roku jestem cz\u0142onkiem Okr\u0119gowej Izby Radc\u00f3w Prawnych w Katowicach.\u00a0W 2024 roku rozpocz\u0105\u0142em samodzieln\u0105 praktyk\u0119 jako radca prawny i otworzy\u0142em\u00a0 kancelari\u0119, aby s\u0142u\u017cy\u0107 swoj\u0105 wiedz\u0105 i do\u015bwiadczeniem poprzez \u015bwiadczenie pomocy prawnej.\u00a0<\/p><p data-start=\"301\" data-end=\"610\">Jako radca prawny kieruj\u0119 si\u0119 przekonaniem, \u017ce prawo powinno s\u0142u\u017cy\u0107 cz\u0142owiekowi. Wiem, \u017ce dla wielu os\u00f3b spotkanie z prawnikiem to nie\u0142atwy krok wi\u0105\u017cacy si\u0119 z trudn\u0105 sytuacj\u0105 \u017cyciow\u0105, stresem czy niepewno\u015bci\u0105. Dlatego w kontakcie z klientem staram si\u0119 stworzy\u0107 atmsfer\u0119 zaufania i zrozumienia. Odrzucam zb\u0119dne zawi\u0142o\u015bci j\u0119zyka prawniczego u\u017cywaj\u0105c go jedynie na potrzeby sporz\u0105dzanych pism oraz kontaktu z instytucjami. Zale\u017cy mi, aby klient mia\u0142 nale\u017cyt\u0105 wiedz\u0119 o swojej sytuacji prawnej, rozumia\u0142 czynno\u015bci dokonywane przez radc\u0119 oraz otrzyma\u0142 zrozumia\u0142\u0105 odpowied\u017a na swe w\u0105tpliwo\u015bci.<\/p><p data-start=\"612\" data-end=\"860\"><span style=\"background-color: var(--ast-global-color-4); font-style: inherit; font-weight: inherit; text-align: var(--text-align);\">Wierz\u0119, \u017ce dobra pomoc prawna to nie tylko paragrafy. To przede wszystkim relacja oparta na szacunku, dyskrecji i zaufaniu.<\/span><\/p><p data-start=\"612\" data-end=\"860\"><span style=\"background-color: var(--ast-global-color-4); font-style: inherit; font-weight: inherit; text-align: var(--text-align);\">A prywatnie? Anga\u017cuj\u0119 si\u0119 w pomoc zwierzakom, jestem absolutnie zakochany w wied\u017ami\u0144skiej sadze Sapkowskiego i da si\u0119 mnie spotka\u0107 w jednej z ulubionych bielskich kawiarni \ud83d\ude42<\/span><\/p>\t\t\t\t\t\t\t\t<\/div>\n\t\t\t\t<\/div>\n\t\t\t\t<\/div>\n\t\t\t\t\t<\/div>\n\t\t\t\t<\/div>\n\t\t<div class=\"elementor-element elementor-element-df3250e e-flex e-con-boxed e-con e-parent\" data-id=\"df3250e\" data-element_type=\"container\" data-e-type=\"container\">\n\t\t\t\t\t<div class=\"e-con-inner\">\n\t\t\t\t\t<\/div>\n\t\t\t\t<\/div>\n\t\t\t\t<\/div>\n\t\t","protected":false},"excerpt":{"rendered":"<p>BART\u0141OMIEJ STANEK RADCA PRAWNY\u00a0 Nazywam si\u0119 Bart\u0142omiej Stanek i jestem radc\u0105 prawnym. Uko\u0144czy\u0142em studia prawnicze na Wydziale Prawa i Administracji [&hellip;]<\/p>\n","protected":false},"author":2,"featured_media":0,"parent":0,"menu_order":0,"comment_status":"closed","ping_status":"closed","template":"","meta":{"site-sidebar-layout":"no-sidebar","site-content-layout":"","ast-site-content-layout":"full-width-container","site-content-style":"default","site-sidebar-style":"default","ast-global-header-display":"","ast-banner-title-visibility":"","ast-main-header-display":"","ast-hfb-above-header-display":"","ast-hfb-below-header-display":"","ast-hfb-mobile-header-display":"","site-post-title":"disabled","ast-breadcrumbs-content":"","ast-featured-img":"disabled","footer-sml-layout":"","ast-disable-related-posts":"","theme-transparent-header-meta":"","adv-header-id-meta":"","stick-header-meta":"","header-above-stick-meta":"","header-main-stick-meta":"","header-below-stick-meta":"","astra-migrate-meta-layouts":"default","ast-page-background-enabled":"default","ast-page-background-meta":{"desktop":{"background-color":"var(--ast-global-color-5)","background-image":"","background-repeat":"repeat","background-position":"center center","background-size":"auto","background-attachment":"scroll","background-type":"","background-media":"","overlay-type":"","overlay-color":"","overlay-opacity":"","overlay-gradient":""},"tablet":{"background-color":"","background-image":"","background-repeat":"repeat","background-position":"center center","background-size":"auto","background-attachment":"scroll","background-type":"","background-media":"","overlay-type":"","overlay-color":"","overlay-opacity":"","overlay-gradient":""},"mobile":{"background-color":"","background-image":"","background-repeat":"repeat","background-position":"center center","background-size":"auto","background-attachment":"scroll","background-type":"","background-media":"","overlay-type":"","overlay-color":"","overlay-opacity":"","overlay-gradient":""}},"ast-content-background-meta":{"desktop":{"background-color":"var(--ast-global-color-4)","background-image":"","background-repeat":"repeat","background-position":"center center","background-size":"auto","background-attachment":"scroll","background-type":"","background-media":"","overlay-type":"","overlay-color":"","overlay-opacity":"","overlay-gradient":""},"tablet":{"background-color":"var(--ast-global-color-4)","background-image":"","background-repeat":"repeat","background-position":"center center","background-size":"auto","background-attachment":"scroll","background-type":"","background-media":"","overlay-type":"","overlay-color":"","overlay-opacity":"","overlay-gradient":""},"mobile":{"background-color":"var(--ast-global-color-4)","background-image":"","background-repeat":"repeat","background-position":"center center","background-size":"auto","background-attachment":"scroll","background-type":"","background-media":"","overlay-type":"","overlay-color":"","overlay-opacity":"","overlay-gradient":""}},"footnotes":""},"class_list":["post-102","page","type-page","status-publish","hentry"],"_links":{"self":[{"href":"https:\/\/testy.serwisroot.pl\/index.php?rest_route=\/wp\/v2\/pages\/102","targetHints":{"allow":["GET"]}}],"collection":[{"href":"https:\/\/testy.serwisroot.pl\/index.php?rest_route=\/wp\/v2\/pages"}],"about":[{"href":"https:\/\/testy.serwisroot.pl\/index.php?rest_route=\/wp\/v2\/types\/page"}],"author":[{"embeddable":true,"href":"https:\/\/testy.serwisroot.pl\/index.php?rest_route=\/wp\/v2\/users\/2"}],"replies":[{"embeddable":true,"href":"https:\/\/testy.serwisroot.pl\/index.php?rest_route=%2Fwp%2Fv2%2Fcomments&post=102"}],"version-history":[{"count":13,"href":"https:\/\/testy.serwisroot.pl\/index.php?rest_route=\/wp\/v2\/pages\/102\/revisions"}],"predecessor-version":[{"id":462,"href":"https:\/\/testy.serwisroot.pl\/index.php?rest_route=\/wp\/v2\/pages\/102\/revisions\/462"}],"wp:attachment":[{"href":"https:\/\/testy.serwisroot.pl\/index.php?rest_route=%2Fwp%2Fv2%2Fmedia&parent=102"}],"curies":[{"name":"wp","href":"https:\/\/api.w.org\/{rel}","templated":true}]}}